{"id":114,"date":"2024-11-22T08:00:08","date_gmt":"2024-11-22T08:00:08","guid":{"rendered":"https:\/\/agromajstor.me\/?page_id=114"},"modified":"2025-01-21T12:23:21","modified_gmt":"2025-01-21T12:23:21","slug":"rezidba-vocnjaka","status":"publish","type":"page","link":"https:\/\/agromajstor.me\/?page_id=114","title":{"rendered":"Rezidba vo\u0107njaka"},"content":{"rendered":"<p>[et_pb_section fb_built=&#8221;1&#8221; fullwidth=&#8221;on&#8221; _builder_version=&#8221;4.27.2&#8221; animation_style=&#8221;slide&#8221; animation_direction=&#8221;top&#8221; animation_intensity_slide=&#8221;2%&#8221; animation_starting_opacity=&#8221;100%&#8221; global_colors_info=&#8221;{}&#8221;][et_pb_fullwidth_header title=&#8221;Rezidba vo\u0107njaka&#8221; text_orientation=&#8221;center&#8221; content_max_width=&#8221;700px&#8221; _builder_version=&#8221;4.27.2&#8221; title_font=&#8221;Lato||||||||&#8221; title_font_size=&#8221;60px&#8221; title_line_height=&#8221;1.2em&#8221; content_font=&#8221;||||||||&#8221; content_font_size=&#8221;20px&#8221; content_line_height=&#8221;1.8em&#8221; background_color=&#8221;#1ba04c&#8221; use_background_color_gradient=&#8221;on&#8221; background_color_gradient_direction=&#8221;90deg&#8221; background_color_gradient_stops=&#8221;rgba(0,0,0,0.75) 0%|rgba(0,0,0,0) 100%&#8221; background_color_gradient_overlays_image=&#8221;on&#8221; background_color_gradient_start=&#8221;rgba(0,0,0,0.75)&#8221; background_color_gradient_end=&#8221;rgba(0,0,0,0)&#8221; background_enable_image=&#8221;off&#8221; custom_button_one=&#8221;on&#8221; button_one_text_size=&#8221;18px&#8221; button_one_bg_color=&#8221;#02d002&#8221; button_one_border_width=&#8221;8px&#8221; button_one_border_color=&#8221;#02d002&#8221; button_one_border_radius=&#8221;0px&#8221; button_one_letter_spacing=&#8221;1px&#8221; button_one_font=&#8221;Lato|700|||||||&#8221; button_one_use_icon=&#8221;off&#8221; custom_button_two=&#8221;on&#8221; button_two_text_size=&#8221;18px&#8221; button_two_text_color=&#8221;#353740&#8221; button_two_bg_color=&#8221;#ffffff&#8221; button_two_border_width=&#8221;8px&#8221; button_two_border_color=&#8221;#ffffff&#8221; button_two_border_radius=&#8221;0px&#8221; button_two_letter_spacing=&#8221;1px&#8221; button_two_font=&#8221;Lato|700|||||||&#8221; button_two_use_icon=&#8221;off&#8221; custom_margin=&#8221;|||&#8221; custom_padding=&#8221;0%||0.8%|||&#8221; button_one_letter_spacing_hover=&#8221;1px&#8221; button_two_letter_spacing_hover=&#8221;1px&#8221; global_colors_info=&#8221;{}&#8221; button_one_text_size__hover_enabled=&#8221;off&#8221; button_two_text_size__hover_enabled=&#8221;off&#8221; button_one_text_color__hover_enabled=&#8221;off&#8221; button_two_text_color__hover_enabled=&#8221;off&#8221; button_one_border_width__hover_enabled=&#8221;off&#8221; button_two_border_width__hover_enabled=&#8221;off&#8221; button_one_border_color__hover_enabled=&#8221;off&#8221; button_two_border_color__hover_enabled=&#8221;off&#8221; button_one_border_radius__hover_enabled=&#8221;off&#8221; button_two_border_radius__hover_enabled=&#8221;off&#8221; button_one_letter_spacing__hover_enabled=&#8221;on&#8221; button_one_letter_spacing__hover=&#8221;1px&#8221; button_two_letter_spacing__hover_enabled=&#8221;on&#8221; button_two_letter_spacing__hover=&#8221;1px&#8221; button_one_bg_color__hover_enabled=&#8221;off&#8221; button_two_bg_color__hover_enabled=&#8221;off&#8221;][\/et_pb_fullwidth_header][\/et_pb_section][et_pb_section fb_built=&#8221;1&#8221; admin_label=&#8221;Market Information Section&#8221; _builder_version=&#8221;4.16&#8221; custom_padding=&#8221;100px||40px|||&#8221; global_colors_info=&#8221;{}&#8221;][et_pb_row column_structure=&#8221;3_5,2_5&#8221; admin_label=&#8221;Market Information Title Area&#8221; _builder_version=&#8221;4.16&#8221; custom_padding=&#8221;40px|0px|40px|0px&#8221; global_colors_info=&#8221;{}&#8221;][et_pb_column type=&#8221;3_5&#8221; _builder_version=&#8221;4.16&#8221; custom_padding=&#8221;|||&#8221; global_colors_info=&#8221;{}&#8221; custom_padding__hover=&#8221;|||&#8221;][et_pb_text _builder_version=&#8221;4.27.2&#8221; text_font=&#8221;||||||||&#8221; text_font_size=&#8221;16px&#8221; text_line_height=&#8221;1.8em&#8221; header_font=&#8221;||||||||&#8221; custom_padding=&#8221;||0px|||&#8221; animation_style=&#8221;flip&#8221; animation_direction=&#8221;left&#8221; animation_intensity_flip=&#8221;20%&#8221; animation_starting_opacity=&#8221;100%&#8221; global_colors_info=&#8221;{}&#8221;]<\/p>\n<p><span>Rezidba vo\u0107njaka se obavlja u toku mirovanja vegetacija. Rezidba vo\u0107aka predstavlja jednu od najva\u017enijih agrotehni\u010dkih mjera za budu\u0107i prinos vo\u0107aka.<\/span><\/p>\n<p><span>\u00a0<\/span><\/p>\n<p><span>Cilj rezidbe vo\u0107aka je: formiranje uzgojnog oblika, odr\u017eavati optimalan odnos izmedju rasta i rodnosti i podmladjivanje same vo\u0107ke ( odstranjivanje mehani\u010dki o\u0161te\u0107enih grana, grane koje su izmrzle, odstranjivanje konkurentskih grana ).<\/span><\/p>\n<p><span>\u00a0<\/span><\/p>\n<p><span>Rezidba ili orezivanje mo\u017ee da po\u010dne da se obavlja odmah po opadanju lis\u0107a, tada biljka ide u fazu mirovanja.\u00a0 <\/span><span><\/span><\/p>\n<p>[\/et_pb_text][\/et_pb_column][et_pb_column type=&#8221;2_5&#8221; _builder_version=&#8221;4.16&#8221; custom_padding=&#8221;|||&#8221; global_colors_info=&#8221;{}&#8221; custom_padding__hover=&#8221;|||&#8221;][et_pb_image src=&#8221;https:\/\/agromajstor.me\/wp-content\/uploads\/2024\/11\/viber_image_2024-10-25_18-47-21-335.jpg&#8221; title_text=&#8221;viber_image_2024-10-25_18-47-21-335&#8221; _builder_version=&#8221;4.27.2&#8221; _module_preset=&#8221;default&#8221; global_colors_info=&#8221;{}&#8221;][\/et_pb_image][\/et_pb_column][\/et_pb_row][\/et_pb_section][et_pb_section fb_built=&#8221;1&#8221; _builder_version=&#8221;4.27.2&#8221; _module_preset=&#8221;default&#8221; global_colors_info=&#8221;{}&#8221;][et_pb_row column_structure=&#8221;3_5,2_5&#8221; _builder_version=&#8221;4.27.2&#8221; _module_preset=&#8221;default&#8221; global_colors_info=&#8221;{}&#8221;][et_pb_column type=&#8221;3_5&#8221; _builder_version=&#8221;4.27.2&#8221; _module_preset=&#8221;default&#8221; global_colors_info=&#8221;{}&#8221;][et_pb_heading title=&#8221;\u0160ta se podrazumijeva pod fazom mirovanja?&#8221; _builder_version=&#8221;4.27.2&#8221; _module_preset=&#8221;default&#8221; global_colors_info=&#8221;{}&#8221;][\/et_pb_heading][et_pb_text _builder_version=&#8221;4.27.2&#8221; text_font=&#8221;||||||||&#8221; text_font_size=&#8221;16px&#8221; text_line_height=&#8221;1.8em&#8221; header_font=&#8221;||||||||&#8221; animation_style=&#8221;flip&#8221; animation_direction=&#8221;left&#8221; animation_intensity_flip=&#8221;20%&#8221; animation_starting_opacity=&#8221;100%&#8221; global_colors_info=&#8221;{}&#8221;]<\/p>\n<p><span>Pod fazom mirovanja biljaka se podrazumijeva da dolazi do prestanka rasta biljaka, nema fotosinteze, nema apsorpcije vode i hranljivih materija. Faza mirovanje traje od novembra do marta mjeseca.<\/span><\/p>\n<p><span>Kod nas u Crnoj Gori po\u010detak rezidbe zavisi dosta od rejona u kojem se nalazi vo\u0107njak.<\/span><\/p>\n<p><span>Konkretno za ju\u017eni dio rezidba moze da po\u010dne kada opadne li\u0161\u0107e, medjutim za sjeverni dio to nije slu\u010daj jer je mnogo bolje sa\u010dekati prolje\u0107e, prije kretanja vegetacije. Zbog cega je to tako? Zbog toga sto se smanjuje negativno dejstvo niskih temperatura na rane koje se prave orezivanjem.<\/span><\/p>\n<p><span>\u00a0<\/span><\/p>\n<p><span>\u00a0<\/span><span><\/span><\/p>\n<p>[\/et_pb_text][\/et_pb_column][et_pb_column type=&#8221;2_5&#8221; _builder_version=&#8221;4.27.2&#8221; _module_preset=&#8221;default&#8221; global_colors_info=&#8221;{}&#8221;][et_pb_image src=&#8221;https:\/\/agromajstor.me\/wp-content\/uploads\/2024\/11\/viber_image_2024-10-25_18-46-59-833.jpg&#8221; title_text=&#8221;viber_image_2024-10-25_18-46-59-833&#8221; _builder_version=&#8221;4.27.2&#8221; _module_preset=&#8221;default&#8221; global_colors_info=&#8221;{}&#8221;][\/et_pb_image][\/et_pb_column][\/et_pb_row][et_pb_row admin_label=&#8221;Market Information Title Area&#8221; _builder_version=&#8221;4.16&#8221; custom_padding=&#8221;40px|0px|40px|0px&#8221; global_colors_info=&#8221;{}&#8221;][et_pb_column type=&#8221;4_4&#8221; _builder_version=&#8221;4.16&#8221; custom_padding=&#8221;|||&#8221; global_colors_info=&#8221;{}&#8221; custom_padding__hover=&#8221;|||&#8221;][et_pb_heading title=&#8221;Op\u0161ti principi rezidbe&#8221; _builder_version=&#8221;4.27.2&#8221; _module_preset=&#8221;default&#8221; global_colors_info=&#8221;{}&#8221;][\/et_pb_heading][et_pb_text _builder_version=&#8221;4.27.2&#8221; text_font=&#8221;||||||||&#8221; text_font_size=&#8221;16px&#8221; text_line_height=&#8221;1.8em&#8221; header_font=&#8221;||||||||&#8221; animation_style=&#8221;flip&#8221; animation_direction=&#8221;left&#8221; animation_intensity_flip=&#8221;20%&#8221; animation_starting_opacity=&#8221;100%&#8221; global_colors_info=&#8221;{}&#8221;]<\/p>\n<p><span>Kod vo\u0107nih sorti koje imaju bujnu podlogu ili su kalemljene na bujnoj podlozi, primjenjuje se rezidba slabijeg inteziteta, da ne bi do\u0161lo do pretjerane bujnosti, kod vo\u0107nih sorti sa manjom bujno\u0161\u0107u primjenjuje se rezidba ja\u010deg inteziteta da bi se pospje\u0161ila bujnost.<\/span><\/p>\n<p><span>\u00a0Za rezidbu je potreban o\u0161tar alat ( male vo\u0107arske makaze, teleskopske makaze, platforma sa koje mo\u017eete dohvatiti visoke grane, kalemarski vosak). Alat mora biti strogo dezinfikovan. Ako alat nije dezinfikovan, ostavljate mogu\u0107nost prenosa bolesti sa prethodnog. Svaka ve\u0107a rana koja se napravi orezivanjem morala bi biti za\u0161ti\u0107ena kalemarskim voskom ili da se odradi hemijska zastita odgovarajucim preparatom nakon toga, da ne bi dolazilo do izmrzavanja i prodiranja raznih \u0161tetnih patogena u\u00a0 sistem biljke.<\/span><\/p>\n<p><span>Sve orezane grane potrebno je odstraniti iz vo\u0107njaka i spaliti na bezjedno mjesto. Ako postoji mogu\u0107nost mal\u010diranja u zasadima onda bi ste tako dio organske materije vratio u zemlji\u0161te.<\/span><\/p>\n<p>[\/et_pb_text][\/et_pb_column][\/et_pb_row][\/et_pb_section][et_pb_section fb_built=&#8221;1&#8221; fullwidth=&#8221;on&#8221; admin_label=&#8221;Call to Action&#8221; _builder_version=&#8221;4.16&#8221; animation_style=&#8221;slide&#8221; animation_direction=&#8221;bottom&#8221; animation_intensity_slide=&#8221;6%&#8221; animation_starting_opacity=&#8221;100%&#8221; locked=&#8221;off&#8221; global_colors_info=&#8221;{}&#8221;][et_pb_fullwidth_header title=&#8221;Po\u010dnimo jednu lijepu saradnju&#8221; button_one_text=&#8221;Kontaktirejte nas&#8221; button_one_url=&#8221;@ET-DC@eyJkeW5hbWljIjp0cnVlLCJjb250ZW50IjoicG9zdF9saW5rX3VybF9wYWdlIiwic2V0dGluZ3MiOnsicG9zdF9pZCI6IjE2MCJ9fQ==@&#8221; content_max_width=&#8221;800px&#8221; _builder_version=&#8221;4.27.2&#8221; _dynamic_attributes=&#8221;button_one_url&#8221; title_level=&#8221;h2&#8221; title_font=&#8221;Lato||||||||&#8221; title_font_size=&#8221;60px&#8221; title_line_height=&#8221;1.2em&#8221; content_font=&#8221;||||||||&#8221; content_font_size=&#8221;20px&#8221; content_line_height=&#8221;1.8em&#8221; background_color=&#8221;rgba(255, 255, 255, 0)&#8221; use_background_color_gradient=&#8221;on&#8221; background_color_gradient_direction=&#8221;90deg&#8221; background_color_gradient_stops=&#8221;rgba(0,0,0,0.75) 0%|rgba(0,0,0,0) 100%&#8221; background_color_gradient_overlays_image=&#8221;on&#8221; background_color_gradient_start=&#8221;rgba(0,0,0,0.75)&#8221; background_color_gradient_end=&#8221;rgba(0,0,0,0)&#8221; background_image=&#8221;https:\/\/agromajstor.me\/wp-content\/uploads\/2024\/11\/viber_image_2024-10-28_17-05-49-563.jpg&#8221; custom_button_one=&#8221;on&#8221; button_one_text_size=&#8221;18px&#8221; button_one_bg_color=&#8221;#02d002&#8221; button_one_border_width=&#8221;8px&#8221; button_one_border_color=&#8221;#02d002&#8221; button_one_border_radius=&#8221;0px&#8221; button_one_letter_spacing=&#8221;1px&#8221; button_one_font=&#8221;Lato|700|||||||&#8221; button_one_use_icon=&#8221;off&#8221; custom_button_two=&#8221;on&#8221; button_two_text_size=&#8221;18px&#8221; button_two_text_color=&#8221;#353740&#8221; button_two_bg_color=&#8221;#ffffff&#8221; button_two_border_width=&#8221;8px&#8221; button_two_border_color=&#8221;#ffffff&#8221; button_two_border_radius=&#8221;0px&#8221; button_two_letter_spacing=&#8221;1px&#8221; button_two_font=&#8221;Lato|700|||||||&#8221; button_two_use_icon=&#8221;off&#8221; custom_margin=&#8221;-2px|||||&#8221; custom_padding=&#8221;8%||8%|&#8221; button_one_letter_spacing_hover=&#8221;1px&#8221; button_two_letter_spacing_hover=&#8221;1px&#8221; global_colors_info=&#8221;{}&#8221; button_one_text_size__hover_enabled=&#8221;off&#8221; button_two_text_size__hover_enabled=&#8221;off&#8221; button_one_text_color__hover_enabled=&#8221;off&#8221; button_two_text_color__hover_enabled=&#8221;off&#8221; button_one_border_width__hover_enabled=&#8221;off&#8221; button_two_border_width__hover_enabled=&#8221;off&#8221; button_one_border_color__hover_enabled=&#8221;off&#8221; button_two_border_color__hover_enabled=&#8221;off&#8221; button_one_border_radius__hover_enabled=&#8221;off&#8221; button_two_border_radius__hover_enabled=&#8221;off&#8221; button_one_letter_spacing__hover_enabled=&#8221;on&#8221; button_one_letter_spacing__hover=&#8221;1px&#8221; button_two_letter_spacing__hover_enabled=&#8221;on&#8221; button_two_letter_spacing__hover=&#8221;1px&#8221; button_one_bg_color__hover_enabled=&#8221;off&#8221; button_two_bg_color__hover_enabled=&#8221;off&#8221;][\/et_pb_fullwidth_header][\/et_pb_section]<\/p>\n","protected":false},"excerpt":{"rendered":"<p>Rezidba vo\u0107njaka se obavlja u toku mirovanja vegetacija. Rezidba vo\u0107aka predstavlja jednu od najva\u017enijih agrotehni\u010dkih mjera za budu\u0107i prinos vo\u0107aka. \u00a0 Cilj rezidbe vo\u0107aka je: formiranje uzgojnog oblika, odr\u017eavati optimalan odnos izmedju rasta i rodnosti i podmladjivanje same vo\u0107ke ( odstranjivanje mehani\u010dki o\u0161te\u0107enih grana, grane koje su izmrzle, odstranjivanje konkurentskih grana ). \u00a0 Rezidba ili [&hellip;]<\/p>\n","protected":false},"author":1,"featured_media":0,"parent":0,"menu_order":0,"comment_status":"closed","ping_status":"closed","template":"","meta":{"_et_pb_use_builder":"on","_et_pb_old_content":"","_et_gb_content_width":"","footnotes":""},"class_list":["post-114","page","type-page","status-publish","hentry"],"_links":{"self":[{"href":"https:\/\/agromajstor.me\/index.php?rest_route=\/wp\/v2\/pages\/114","targetHints":{"allow":["GET"]}}],"collection":[{"href":"https:\/\/agromajstor.me\/index.php?rest_route=\/wp\/v2\/pages"}],"about":[{"href":"https:\/\/agromajstor.me\/index.php?rest_route=\/wp\/v2\/types\/page"}],"author":[{"embeddable":true,"href":"https:\/\/agromajstor.me\/index.php?rest_route=\/wp\/v2\/users\/1"}],"replies":[{"embeddable":true,"href":"https:\/\/agromajstor.me\/index.php?rest_route=%2Fwp%2Fv2%2Fcomments&post=114"}],"version-history":[{"count":11,"href":"https:\/\/agromajstor.me\/index.php?rest_route=\/wp\/v2\/pages\/114\/revisions"}],"predecessor-version":[{"id":195,"href":"https:\/\/agromajstor.me\/index.php?rest_route=\/wp\/v2\/pages\/114\/revisions\/195"}],"wp:attachment":[{"href":"https:\/\/agromajstor.me\/index.php?rest_route=%2Fwp%2Fv2%2Fmedia&parent=114"}],"curies":[{"name":"wp","href":"https:\/\/api.w.org\/{rel}","templated":true}]}}