{"id":181,"date":"2024-12-10T07:28:23","date_gmt":"2024-12-10T07:28:23","guid":{"rendered":"https:\/\/agromajstor.me\/?page_id=181"},"modified":"2024-12-10T07:28:23","modified_gmt":"2024-12-10T07:28:23","slug":"navodnjavanje-vocnjaka-i-vinograda","status":"publish","type":"page","link":"https:\/\/agromajstor.me\/?page_id=181","title":{"rendered":"NAVODNJAVANJE VO\u0106NJAKA I VINOGRADA"},"content":{"rendered":"<p>[et_pb_section fb_built=&#8221;1&#8221; fullwidth=&#8221;on&#8221; _builder_version=&#8221;4.27.2&#8221; animation_style=&#8221;slide&#8221; animation_direction=&#8221;top&#8221; animation_intensity_slide=&#8221;2%&#8221; animation_starting_opacity=&#8221;100%&#8221; global_colors_info=&#8221;{}&#8221; theme_builder_area=&#8221;post_content&#8221;][et_pb_fullwidth_header title=&#8221;Podizanje vo\u0107njaka i vinograda&#8221; text_orientation=&#8221;center&#8221; content_max_width=&#8221;700px&#8221; _builder_version=&#8221;4.27.2&#8221; title_font=&#8221;Lato||||||||&#8221; title_font_size=&#8221;60px&#8221; title_line_height=&#8221;1.2em&#8221; content_font=&#8221;||||||||&#8221; content_font_size=&#8221;20px&#8221; content_line_height=&#8221;1.8em&#8221; background_color=&#8221;#1ba04c&#8221; use_background_color_gradient=&#8221;on&#8221; background_color_gradient_direction=&#8221;90deg&#8221; background_color_gradient_stops=&#8221;rgba(0,0,0,0.75) 0%|rgba(0,0,0,0) 100%&#8221; background_color_gradient_overlays_image=&#8221;on&#8221; background_color_gradient_start=&#8221;rgba(0,0,0,0.75)&#8221; background_color_gradient_end=&#8221;rgba(0,0,0,0)&#8221; background_enable_image=&#8221;off&#8221; custom_button_one=&#8221;on&#8221; button_one_text_size=&#8221;18px&#8221; button_one_bg_color=&#8221;#02d002&#8221; button_one_border_width=&#8221;8px&#8221; button_one_border_color=&#8221;#02d002&#8221; button_one_border_radius=&#8221;0px&#8221; button_one_letter_spacing=&#8221;1px&#8221; button_one_font=&#8221;Lato|700|||||||&#8221; button_one_use_icon=&#8221;off&#8221; custom_button_two=&#8221;on&#8221; button_two_text_size=&#8221;18px&#8221; button_two_text_color=&#8221;#353740&#8221; button_two_bg_color=&#8221;#ffffff&#8221; button_two_border_width=&#8221;8px&#8221; button_two_border_color=&#8221;#ffffff&#8221; button_two_border_radius=&#8221;0px&#8221; button_two_letter_spacing=&#8221;1px&#8221; button_two_font=&#8221;Lato|700|||||||&#8221; button_two_use_icon=&#8221;off&#8221; custom_margin=&#8221;|||&#8221; custom_padding=&#8221;0%||0.8%|||&#8221; button_one_letter_spacing_hover=&#8221;1px&#8221; button_two_letter_spacing_hover=&#8221;1px&#8221; global_colors_info=&#8221;{}&#8221; button_one_text_size__hover_enabled=&#8221;off&#8221; button_two_text_size__hover_enabled=&#8221;off&#8221; button_one_text_color__hover_enabled=&#8221;off&#8221; button_two_text_color__hover_enabled=&#8221;off&#8221; button_one_border_width__hover_enabled=&#8221;off&#8221; button_two_border_width__hover_enabled=&#8221;off&#8221; button_one_border_color__hover_enabled=&#8221;off&#8221; button_two_border_color__hover_enabled=&#8221;off&#8221; button_one_border_radius__hover_enabled=&#8221;off&#8221; button_two_border_radius__hover_enabled=&#8221;off&#8221; button_one_letter_spacing__hover_enabled=&#8221;on&#8221; button_one_letter_spacing__hover=&#8221;1px&#8221; button_two_letter_spacing__hover_enabled=&#8221;on&#8221; button_two_letter_spacing__hover=&#8221;1px&#8221; button_one_bg_color__hover_enabled=&#8221;off&#8221; button_two_bg_color__hover_enabled=&#8221;off&#8221; theme_builder_area=&#8221;post_content&#8221;][\/et_pb_fullwidth_header][\/et_pb_section][et_pb_section fb_built=&#8221;1&#8221; admin_label=&#8221;Market Information Section&#8221; _builder_version=&#8221;4.16&#8221; custom_padding=&#8221;100px|0px|40px|||&#8221; global_colors_info=&#8221;{}&#8221; theme_builder_area=&#8221;post_content&#8221;][et_pb_row _builder_version=&#8221;4.27.2&#8221; _module_preset=&#8221;default&#8221; theme_builder_area=&#8221;post_content&#8221;][et_pb_column _builder_version=&#8221;4.27.2&#8221; _module_preset=&#8221;default&#8221; type=&#8221;4_4&#8221; theme_builder_area=&#8221;post_content&#8221;][et_pb_text _builder_version=&#8221;4.27.2&#8221; text_font=&#8221;||||||||&#8221; text_font_size=&#8221;16px&#8221; text_line_height=&#8221;1.8em&#8221; header_font=&#8221;||||||||&#8221; custom_padding=&#8221;||0px|||&#8221; animation_style=&#8221;flip&#8221; animation_direction=&#8221;left&#8221; animation_intensity_flip=&#8221;20%&#8221; animation_starting_opacity=&#8221;100%&#8221; hover_enabled=&#8221;0&#8221; global_colors_info=&#8221;{}&#8221; theme_builder_area=&#8221;post_content&#8221; sticky_enabled=&#8221;0&#8221;]<\/p>\n<p><span>Savremeni na\u010dini uzgoja vo\u0107njaka i vinograda zahtijeva adekvatno navodnjavanje. <\/span><\/p>\n<p><span>Pri izvo\u0111enju navodnjavanja vo\u0107njaka i vinograda vrlo je bitno doziranje vode, u koliko dolazi do prekomjernog navodnjavanja mo\u017ee do\u0107i do problema. <\/span><\/p>\n<p><span>Ako se manje i re\u0111e navodnjava onda direktno uti\u010demo na prinos i kvalitet samih plodova.<\/span>\u00a0<\/p>\n<p><span>\u00a0<\/span><\/p>\n<p>[\/et_pb_text][\/et_pb_column][\/et_pb_row][et_pb_row column_structure=&#8221;1_2,1_2&#8221; admin_label=&#8221;Market Information Title Area&#8221; _builder_version=&#8221;4.27.2&#8221; custom_padding=&#8221;40px|0px|40px|0px&#8221; hover_enabled=&#8221;0&#8221; global_colors_info=&#8221;{}&#8221; theme_builder_area=&#8221;post_content&#8221; sticky_enabled=&#8221;0&#8221;][et_pb_column type=&#8221;1_2&#8221; _builder_version=&#8221;4.16&#8221; custom_padding=&#8221;|||&#8221; global_colors_info=&#8221;{}&#8221; custom_padding__hover=&#8221;|||&#8221; theme_builder_area=&#8221;post_content&#8221;][et_pb_text _builder_version=&#8221;4.27.2&#8221; text_font=&#8221;||||||||&#8221; text_font_size=&#8221;16px&#8221; text_line_height=&#8221;1.8em&#8221; header_font=&#8221;||||||||&#8221; custom_padding=&#8221;||0px|||&#8221; animation_style=&#8221;flip&#8221; animation_direction=&#8221;left&#8221; animation_intensity_flip=&#8221;20%&#8221; animation_starting_opacity=&#8221;100%&#8221; hover_enabled=&#8221;0&#8221; global_colors_info=&#8221;{}&#8221; theme_builder_area=&#8221;post_content&#8221; sticky_enabled=&#8221;0&#8221;]<\/p>\n<p><span>Kriti\u010dne faze razvoja u odnosu na navodnjavanje su:<\/span><\/p>\n<p><span>-cvjetanje<\/span><\/p>\n<p><span>-porast li\u0161\u0107a i mladara<\/span><\/p>\n<p><span>-formiranje zametaka<\/span><\/p>\n<p><span>-porast plodova<\/span><\/p>\n<p><span>Postoji nekoliko na\u010dina zalivanja, to su:<\/span><\/p>\n<p><span>\u00a0<\/span><span>-minirasprskiva\u010dima<\/span><\/p>\n<p><span>-sistemom kap po kap<\/span><\/p>\n<p><span>-sistemom \u201cvje\u0161ta\u010dke ki\u0161e\u201d<\/span><\/p>\n<p><span><\/span><span><\/span><\/p>\n<p>[\/et_pb_text][\/et_pb_column][et_pb_column type=&#8221;1_2&#8221; _builder_version=&#8221;4.16&#8221; custom_padding=&#8221;|||&#8221; global_colors_info=&#8221;{}&#8221; custom_padding__hover=&#8221;|||&#8221; theme_builder_area=&#8221;post_content&#8221;][et_pb_image src=&#8221;https:\/\/agromajstor.me\/wp-content\/uploads\/2024\/12\/navodnjavanje-vocnaka.jpg&#8221; title_text=&#8221;navodnjavanje vocnjaka&#8221; _builder_version=&#8221;4.27.2&#8221; _module_preset=&#8221;default&#8221; hover_enabled=&#8221;0&#8221; global_colors_info=&#8221;{}&#8221; theme_builder_area=&#8221;post_content&#8221; sticky_enabled=&#8221;0&#8221; custom_padding=&#8221;33px|||||&#8221;][\/et_pb_image][\/et_pb_column][\/et_pb_row][et_pb_row admin_label=&#8221;Market Information Title Area&#8221; _builder_version=&#8221;4.16&#8221; custom_padding=&#8221;40px|0px|3px|0px||&#8221; global_colors_info=&#8221;{}&#8221; theme_builder_area=&#8221;post_content&#8221;][et_pb_column type=&#8221;4_4&#8221; _builder_version=&#8221;4.16&#8221; custom_padding=&#8221;|||&#8221; global_colors_info=&#8221;{}&#8221; custom_padding__hover=&#8221;|||&#8221; theme_builder_area=&#8221;post_content&#8221;][et_pb_text _builder_version=&#8221;4.27.2&#8221; text_font=&#8221;||||||||&#8221; text_font_size=&#8221;16px&#8221; text_line_height=&#8221;1.8em&#8221; header_font=&#8221;||||||||&#8221; custom_padding=&#8221;||0px|||&#8221; animation_style=&#8221;flip&#8221; animation_direction=&#8221;left&#8221; animation_intensity_flip=&#8221;20%&#8221; animation_starting_opacity=&#8221;100%&#8221; hover_enabled=&#8221;0&#8221; global_colors_info=&#8221;{}&#8221; theme_builder_area=&#8221;post_content&#8221; sticky_enabled=&#8221;0&#8221;]<\/p>\n<p>\u00a0<strong>Navodnjavanje minirasprkiva\u010dima<\/strong><\/p>\n<p><span>\u00a0<\/span><\/p>\n<p><span>Ovim na\u010dinom navodnjavnja voda na povr\u0161inu tla pada u obliku malog mlaza ili mage. Ovaj na\u010din navodnjavanja se koristi u zasadima vo\u0107njaka gdje je ve\u0107i razmak sadnje. Navodnjavanje mini rasprskiva\u010dima je vrlo osjetljivo na podru\u010djima gdje se pojavljuje jak vjetar i u podru\u010djima gdje je izra\u017eena visoka evaporacija. Tr\u017ei\u0161te danas nudi vi\u0161e tipova rasprskiva\u010da, kao \u0161to su kontinuirani ili pulsiraju\u0107i, s navodnjavanjem cijelog ili samo dijela kruga, razli\u010ditog dometa i inteziteta navodnjavnja.<\/span><\/p>\n<p><span>\u00a0<\/span><\/p>\n<p><strong>Navodnjavanje sistemom \u201ckap po kap\u201d<\/strong><\/p>\n<p><span>\u00a0<\/span><\/p>\n<p><span>Podrazumijeva najracionalniji utro\u0161ak vode u odnosu na ostale na\u010dine navodnjavanja.<\/span><\/p>\n<p><span>Sastavni djelovi ovog nacina navodnjavanja su: usisni vod, predfilter, pumpa, ventil, injektor za hemijska sredstva, filter, glavni cjevovod, razvodna pre\u017ea, lateralni sistem, kapaljke.<\/span><\/p>\n<p><span>\u00a0<\/span><\/p>\n<p><span>Navedeni na\u010din navodnjavanja ima dva sastava: povr\u0161insko i podpovr\u0161insko navodnjavanje. Pri povr\u0161inskom navodnjavanju cijevi i kapaljke su iznad zemlje, a kod podpovr\u0161inskog su ukopane u zemlju.<\/span><\/p>\n<p><span>\u00a0<\/span><\/p>\n<p><span>Jedan od zna\u010dajnijih problema ovoga navodnjavanja je za\u010depljenje kapaljki i cijevi, bilo da je mehani\u010dko ili hemijsko. Za\u010depljenje kapaljki je vezano sa kakvom se vodom navodnjava, kakve su njene hemijske, mikorbioloske, fizi\u010dke osobine. Filterima se mo\u017ee sprije\u010diti mehani\u010dko za\u010depljenje.<\/span><\/p>\n<p><span>\u00a0<\/span><\/p>\n<p><strong><span>Jedna od najza\u010dajnijih prednosti ovoga sisteme je \u0111ubrenje (FERTIRIGACIJA) istovremeno sa navodnjavanjem. Koriste se vodotopiva \u0111ubriva koja se rastvaraju u posebnu posudu koja je povezana na sistem, i pumpom se zajedno sa vodom \u0161iri kroz sistem.<\/span><\/strong><\/p>\n<p><strong><span>\u00a0<\/span><\/strong><\/p>\n<p><strong>Navodnjavanje \u201cvje\u0161ta\u010dke ki\u0161e\u201d<\/strong><\/p>\n<p><span>\u00a0<\/span><\/p>\n<p><span>Metodom navodnjavnja vje\u0161ta\u010dke ki\u0161e voda se raspore\u0111uje po povr\u0161ini tla u obliku prirodne ki\u0161e. Metoda ki\u0161enjem ima mnoge prednosti: mogu\u0107nost upotrebe u razli\u010ditim topografskim uslovima, pripremni radovi na zemlji\u0161tu su minimalni, ne smanjuje kori\u0161\u0107enje mehanizacije, ne zauzima obradivu pov\u0161inu.<\/span><\/p>\n<p><span>Postoje tri sistema navodnjavanjem ki\u0161enjem:<\/span><\/p>\n<p><span>-prenosivi<\/span><\/p>\n<p><span>-polustabilni<\/span><\/p>\n<p><span>-stabilni<\/span><\/p>\n<p><span>\u00a0<\/span><span>Svaki sistem ki\u0161enja se sastoji od : vodozahvata, mre\u017ee cijevi, rasprskiva\u010da i armature. Cijevna mre\u017ea slu\u017ei za dovod vode od izvora do rasprskiva\u010da. Ta se mre\u017ea sastoji od usisne cijevi, glavnog cjevovoda i ki\u0161nih krila. Rasprskiva\u010di se razlikuju po: koli\u010dini izbacivanja vode, intezitetu ki\u0161enja, broju mlaznica, povr\u0161ini ki\u0161enja.<\/span><\/p>\n<p><span>\u00a0<\/span><span>\u00a0<\/span><\/p>\n<p><strong>Kakve osobine treba da ima voda za navodnjavanje?<\/strong><\/p>\n<p><span>\u00a0<\/span><\/p>\n<p><span>Od osobina treba spomenuti fizi\u010dke i hemijske.<\/span><\/p>\n<p><span>\u00a0<\/span><\/p>\n<p><span>Od\u00a0 fizi\u010dkih treba pomenuti temperaturu vode, da ne bude ni prehladna ni pretopla. Najpovoljnija temperatura za navodnjavanje treba da iznosi 25 stepeni celzijusa, temperatura vo\u0107ke i vode ne bi trebala da se razlikuje za vise od 10 stepeni celzijusa.<\/span><\/p>\n<p><span>\u00a0<\/span><\/p>\n<p><span>\u0160to se ti\u010de hemijskih osobina, treba obaviti hemijsku analizu vode, tu spadaju analiza: zaslanjenosti, alkalnosti, toksi\u010dnost.<\/span><\/p>\n<p><span>\u00a0<\/span><\/p>\n<p>[\/et_pb_text][\/et_pb_column][\/et_pb_row][et_pb_row _builder_version=&#8221;4.27.2&#8221; _module_preset=&#8221;default&#8221; theme_builder_area=&#8221;post_content&#8221;][et_pb_column _builder_version=&#8221;4.27.2&#8221; _module_preset=&#8221;default&#8221; type=&#8221;4_4&#8221; theme_builder_area=&#8221;post_content&#8221;][et_pb_image src=&#8221;https:\/\/agromajstor.me\/wp-content\/uploads\/2024\/12\/zalivanje-vinograda-scaled.jpeg&#8221; _builder_version=&#8221;4.27.2&#8221; _module_preset=&#8221;default&#8221; theme_builder_area=&#8221;post_content&#8221; alt=&#8221;Navodnjavanje&#8221; title_text=&#8221;zalivanje-vinograda&#8221; hover_enabled=&#8221;0&#8221; sticky_enabled=&#8221;0&#8221;][\/et_pb_image][\/et_pb_column][\/et_pb_row][\/et_pb_section][et_pb_section fb_built=&#8221;1&#8221; fullwidth=&#8221;on&#8221; admin_label=&#8221;Call to Action&#8221; _builder_version=&#8221;4.16&#8221; animation_style=&#8221;slide&#8221; animation_direction=&#8221;bottom&#8221; animation_intensity_slide=&#8221;6%&#8221; animation_starting_opacity=&#8221;100%&#8221; locked=&#8221;off&#8221; global_colors_info=&#8221;{}&#8221; theme_builder_area=&#8221;post_content&#8221;][et_pb_fullwidth_header title=&#8221;Po\u010dnimo jednu lijepu saradnju&#8221; button_one_text=&#8221;Kontaktirajte nas&#8221; content_max_width=&#8221;800px&#8221; _builder_version=&#8221;4.27.2&#8221; title_level=&#8221;h2&#8221; title_font=&#8221;Lato||||||||&#8221; title_font_size=&#8221;60px&#8221; title_line_height=&#8221;1.2em&#8221; content_font=&#8221;||||||||&#8221; content_font_size=&#8221;20px&#8221; content_line_height=&#8221;1.8em&#8221; background_color=&#8221;rgba(255, 255, 255, 0)&#8221; use_background_color_gradient=&#8221;on&#8221; background_color_gradient_direction=&#8221;90deg&#8221; background_color_gradient_stops=&#8221;rgba(0,0,0,0.75) 0%|rgba(0,0,0,0) 100%&#8221; background_color_gradient_overlays_image=&#8221;on&#8221; background_color_gradient_start=&#8221;rgba(0,0,0,0.75)&#8221; background_color_gradient_end=&#8221;rgba(0,0,0,0)&#8221; background_image=&#8221;https:\/\/agromajstor.me\/wp-content\/uploads\/2024\/11\/viber_image_2024-10-28_17-05-49-563.jpg&#8221; custom_button_one=&#8221;on&#8221; button_one_text_size=&#8221;18px&#8221; button_one_bg_color=&#8221;#02d002&#8221; button_one_border_width=&#8221;8px&#8221; button_one_border_color=&#8221;#02d002&#8221; button_one_border_radius=&#8221;0px&#8221; button_one_letter_spacing=&#8221;1px&#8221; button_one_font=&#8221;Lato|700|||||||&#8221; button_one_use_icon=&#8221;off&#8221; custom_button_two=&#8221;on&#8221; button_two_text_size=&#8221;18px&#8221; button_two_text_color=&#8221;#353740&#8221; button_two_bg_color=&#8221;#ffffff&#8221; button_two_border_width=&#8221;8px&#8221; button_two_border_color=&#8221;#ffffff&#8221; button_two_border_radius=&#8221;0px&#8221; button_two_letter_spacing=&#8221;1px&#8221; button_two_font=&#8221;Lato|700|||||||&#8221; button_two_use_icon=&#8221;off&#8221; custom_margin=&#8221;-2px|||||&#8221; custom_padding=&#8221;8%||8%|&#8221; button_one_letter_spacing_hover=&#8221;1px&#8221; button_two_letter_spacing_hover=&#8221;1px&#8221; global_colors_info=&#8221;{}&#8221; button_one_text_size__hover_enabled=&#8221;off&#8221; button_two_text_size__hover_enabled=&#8221;off&#8221; button_one_text_color__hover_enabled=&#8221;off&#8221; button_two_text_color__hover_enabled=&#8221;off&#8221; button_one_border_width__hover_enabled=&#8221;off&#8221; button_two_border_width__hover_enabled=&#8221;off&#8221; button_one_border_color__hover_enabled=&#8221;off&#8221; button_two_border_color__hover_enabled=&#8221;off&#8221; button_one_border_radius__hover_enabled=&#8221;off&#8221; button_two_border_radius__hover_enabled=&#8221;off&#8221; button_one_letter_spacing__hover_enabled=&#8221;on&#8221; button_one_letter_spacing__hover=&#8221;1px&#8221; button_two_letter_spacing__hover_enabled=&#8221;on&#8221; button_two_letter_spacing__hover=&#8221;1px&#8221; button_one_bg_color__hover_enabled=&#8221;off&#8221; button_two_bg_color__hover_enabled=&#8221;off&#8221; theme_builder_area=&#8221;post_content&#8221;][\/et_pb_fullwidth_header][\/et_pb_section]<\/p>\n","protected":false},"excerpt":{"rendered":"<p>Savremeni na\u010dini uzgoja vo\u0107njaka i vinograda zahtijeva adekvatno navodnjavanje. Pri izvo\u0111enju navodnjavanja vo\u0107njaka i vinograda vrlo je bitno doziranje vode, u koliko dolazi do prekomjernog navodnjavanja mo\u017ee do\u0107i do problema. Ako se manje i re\u0111e navodnjava onda direktno uti\u010demo na prinos i kvalitet samih plodova.\u00a0 \u00a0Kriti\u010dne faze razvoja u odnosu na navodnjavanje su: -cvjetanje -porast [&hellip;]<\/p>\n","protected":false},"author":1,"featured_media":0,"parent":0,"menu_order":0,"comment_status":"closed","ping_status":"closed","template":"","meta":{"_et_pb_use_builder":"on","_et_pb_old_content":"","_et_gb_content_width":"","footnotes":""},"class_list":["post-181","page","type-page","status-publish","hentry"],"_links":{"self":[{"href":"https:\/\/agromajstor.me\/index.php?rest_route=\/wp\/v2\/pages\/181","targetHints":{"allow":["GET"]}}],"collection":[{"href":"https:\/\/agromajstor.me\/index.php?rest_route=\/wp\/v2\/pages"}],"about":[{"href":"https:\/\/agromajstor.me\/index.php?rest_route=\/wp\/v2\/types\/page"}],"author":[{"embeddable":true,"href":"https:\/\/agromajstor.me\/index.php?rest_route=\/wp\/v2\/users\/1"}],"replies":[{"embeddable":true,"href":"https:\/\/agromajstor.me\/index.php?rest_route=%2Fwp%2Fv2%2Fcomments&post=181"}],"version-history":[{"count":2,"href":"https:\/\/agromajstor.me\/index.php?rest_route=\/wp\/v2\/pages\/181\/revisions"}],"predecessor-version":[{"id":186,"href":"https:\/\/agromajstor.me\/index.php?rest_route=\/wp\/v2\/pages\/181\/revisions\/186"}],"wp:attachment":[{"href":"https:\/\/agromajstor.me\/index.php?rest_route=%2Fwp%2Fv2%2Fmedia&parent=181"}],"curies":[{"name":"wp","href":"https:\/\/api.w.org\/{rel}","templated":true}]}}