{"id":214,"date":"2025-01-28T14:40:14","date_gmt":"2025-01-28T14:40:14","guid":{"rendered":"https:\/\/agromajstor.me\/?page_id=214"},"modified":"2025-01-28T14:47:28","modified_gmt":"2025-01-28T14:47:28","slug":"rezidba-vinove-loze","status":"publish","type":"page","link":"https:\/\/agromajstor.me\/?page_id=214","title":{"rendered":"Rezidba vinove loze"},"content":{"rendered":"<p>[et_pb_section fb_built=&#8221;1&#8221; fullwidth=&#8221;on&#8221; _builder_version=&#8221;4.27.2&#8221; animation_style=&#8221;slide&#8221; animation_direction=&#8221;top&#8221; animation_intensity_slide=&#8221;2%&#8221; animation_starting_opacity=&#8221;100%&#8221; global_colors_info=&#8221;{}&#8221; theme_builder_area=&#8221;post_content&#8221;][et_pb_fullwidth_header title=&#8221;Rezidba vinove loze\u00a0&#8221; text_orientation=&#8221;center&#8221; content_max_width=&#8221;700px&#8221; _builder_version=&#8221;4.27.2&#8221; title_font=&#8221;Lato||||||||&#8221; title_font_size=&#8221;60px&#8221; title_line_height=&#8221;1.2em&#8221; content_font=&#8221;||||||||&#8221; content_font_size=&#8221;20px&#8221; content_line_height=&#8221;1.8em&#8221; background_color=&#8221;#1ba04c&#8221; use_background_color_gradient=&#8221;on&#8221; background_color_gradient_direction=&#8221;90deg&#8221; background_color_gradient_stops=&#8221;rgba(0,0,0,0.75) 0%|rgba(0,0,0,0) 100%&#8221; background_color_gradient_overlays_image=&#8221;on&#8221; background_color_gradient_start=&#8221;rgba(0,0,0,0.75)&#8221; background_color_gradient_end=&#8221;rgba(0,0,0,0)&#8221; background_enable_image=&#8221;off&#8221; custom_button_one=&#8221;on&#8221; button_one_text_size=&#8221;18px&#8221; button_one_bg_color=&#8221;#02d002&#8221; button_one_border_width=&#8221;8px&#8221; button_one_border_color=&#8221;#02d002&#8221; button_one_border_radius=&#8221;0px&#8221; button_one_letter_spacing=&#8221;1px&#8221; button_one_font=&#8221;Lato|700|||||||&#8221; button_one_use_icon=&#8221;off&#8221; custom_button_two=&#8221;on&#8221; button_two_text_size=&#8221;18px&#8221; button_two_text_color=&#8221;#353740&#8221; button_two_bg_color=&#8221;#ffffff&#8221; button_two_border_width=&#8221;8px&#8221; button_two_border_color=&#8221;#ffffff&#8221; button_two_border_radius=&#8221;0px&#8221; button_two_letter_spacing=&#8221;1px&#8221; button_two_font=&#8221;Lato|700|||||||&#8221; button_two_use_icon=&#8221;off&#8221; custom_margin=&#8221;|||&#8221; custom_padding=&#8221;0%||0.8%|||&#8221; button_one_letter_spacing_hover=&#8221;1px&#8221; button_two_letter_spacing_hover=&#8221;1px&#8221; global_colors_info=&#8221;{}&#8221; button_one_text_size__hover_enabled=&#8221;off&#8221; button_two_text_size__hover_enabled=&#8221;off&#8221; button_one_text_color__hover_enabled=&#8221;off&#8221; button_two_text_color__hover_enabled=&#8221;off&#8221; button_one_border_width__hover_enabled=&#8221;off&#8221; button_two_border_width__hover_enabled=&#8221;off&#8221; button_one_border_color__hover_enabled=&#8221;off&#8221; button_two_border_color__hover_enabled=&#8221;off&#8221; button_one_border_radius__hover_enabled=&#8221;off&#8221; button_two_border_radius__hover_enabled=&#8221;off&#8221; button_one_letter_spacing__hover_enabled=&#8221;on&#8221; button_one_letter_spacing__hover=&#8221;1px&#8221; button_two_letter_spacing__hover_enabled=&#8221;on&#8221; button_two_letter_spacing__hover=&#8221;1px&#8221; button_one_bg_color__hover_enabled=&#8221;off&#8221; button_two_bg_color__hover_enabled=&#8221;off&#8221; theme_builder_area=&#8221;post_content&#8221;][\/et_pb_fullwidth_header][\/et_pb_section][et_pb_section fb_built=&#8221;1&#8221; admin_label=&#8221;Market Information Section&#8221; _builder_version=&#8221;4.16&#8221; custom_padding=&#8221;100px|0px|40px|||&#8221; global_colors_info=&#8221;{}&#8221; theme_builder_area=&#8221;post_content&#8221;][et_pb_row admin_label=&#8221;Market Information Title Area&#8221; _builder_version=&#8221;4.16&#8221; custom_padding=&#8221;40px|0px|40px|0px&#8221; global_colors_info=&#8221;{}&#8221; theme_builder_area=&#8221;post_content&#8221;][et_pb_column type=&#8221;4_4&#8221; _builder_version=&#8221;4.16&#8221; custom_padding=&#8221;|||&#8221; global_colors_info=&#8221;{}&#8221; custom_padding__hover=&#8221;|||&#8221; theme_builder_area=&#8221;post_content&#8221;][et_pb_text _builder_version=&#8221;4.27.2&#8221; text_font=&#8221;||||||||&#8221; text_font_size=&#8221;16px&#8221; text_line_height=&#8221;1.8em&#8221; header_font=&#8221;||||||||&#8221; custom_padding=&#8221;||0px|||&#8221; animation_style=&#8221;flip&#8221; animation_direction=&#8221;left&#8221; animation_intensity_flip=&#8221;20%&#8221; animation_starting_opacity=&#8221;100%&#8221; global_colors_info=&#8221;{}&#8221; theme_builder_area=&#8221;post_content&#8221; custom_margin=&#8221;||-13px|||&#8221;]<\/p>\n<p><strong>Rezidba vinove loze \u2013 klju\u010d uspje\u0161ne proizvodnje gro\u017e\u0111a<\/strong><\/p>\n<p><strong><\/strong><\/p>\n<p>Rezidba vinove loze je jedna od najva\u017enijih agrotehni\u010dkih mjera u vinogradarstvu. Pravilna rezidba osigurava ravnote\u017eu izme\u0111u rasta vinove loze i njenog roda, omogu\u0107ava bolju provjetrenost i osun\u010danost \u010dokota, smanjuje rizik od bolesti i \u0161teto\u010dina te doprinosi kvaliteti gro\u017e\u0111a i vina.<\/p>\n<p>&nbsp;<\/p>\n<p><strong>\u00a0Za\u0161to je rezidba va\u017ena?<\/strong><\/p>\n<p><strong><\/strong><\/p>\n<p>\u00a0Rezidbom se:<\/p>\n<p>Reguli\u0161e koli\u010dina roda \u2013 uklanjanjem vi\u0161ka pupova posti\u017ee se kvalitetnije gro\u017e\u0111e.<\/p>\n<p>Odr\u017eava optimalan oblik \u010dokota \u2013 olak\u0161ava se provo\u0111enje drugih agrotehni\u010dkih mjera i berbe.<\/p>\n<p>Produ\u017eava vijek trajanja vinove loze \u2013 uklanjaju se stare, bolesne i o\u0161te\u0107ene grane.<\/p>\n<p>Pove\u0107ava otpornost na bolesti \u2013 bolja provjetrenost smanjuje uslove za razvoj gljivi\u010dnih infekcija.<\/p>\n<p>&nbsp;<\/p>\n<p>&nbsp;<\/p>\n<p><strong>Vrste rezidbe vinove loze :<\/strong><\/p>\n<p>[\/et_pb_text][\/et_pb_column][\/et_pb_row][et_pb_row column_structure=&#8221;1_2,1_2&#8221; admin_label=&#8221;Market Information Title Area&#8221; _builder_version=&#8221;4.16&#8221; custom_padding=&#8221;40px|0px|12px|0px||&#8221; global_colors_info=&#8221;{}&#8221; theme_builder_area=&#8221;post_content&#8221;][et_pb_column type=&#8221;1_2&#8221; _builder_version=&#8221;4.16&#8221; custom_padding=&#8221;|||&#8221; global_colors_info=&#8221;{}&#8221; custom_padding__hover=&#8221;|||&#8221; theme_builder_area=&#8221;post_content&#8221;][et_pb_text _builder_version=&#8221;4.27.2&#8221; text_font=&#8221;||||||||&#8221; text_font_size=&#8221;16px&#8221; text_line_height=&#8221;1.8em&#8221; header_font=&#8221;||||||||&#8221; custom_padding=&#8221;||0px|||&#8221; animation_style=&#8221;flip&#8221; animation_direction=&#8221;left&#8221; animation_intensity_flip=&#8221;20%&#8221; animation_starting_opacity=&#8221;100%&#8221; global_colors_info=&#8221;{}&#8221; theme_builder_area=&#8221;post_content&#8221;]<\/p>\n<p>\u00a0Zimska rezidba (na suvo)<\/p>\n<p>Izvodi se u periodu mirovanja vegetacije, obi\u010dno od decembra do kraja februara.<\/p>\n<p>Cilj je ukloniti vi\u0161ak lastara i ostaviti dovoljan broj rodnih pupova, prilago\u0111avaju\u0107i optere\u0107enje sorti, starosti \u010dokota i klimatskim uslovima.<\/p>\n<p>Postoje dvije osnovne metode: kratka rezidba (na kondir) i duga rezidba (na luk).<\/p>\n<p>\u00a0Ljetna rezidba (zelena rezidba)<\/p>\n<p>\u00a0Obuhvata pinciranje, zakidanje zaperaka, defolijaciju (uklanjanje li\u0161\u0107a) i prorje\u0111ivanje grozdova.<\/p>\n<p>&nbsp;<\/p>\n<p>[\/et_pb_text][\/et_pb_column][et_pb_column _builder_version=&#8221;4.27.2&#8221; _module_preset=&#8221;default&#8221; type=&#8221;1_2&#8221; theme_builder_area=&#8221;post_content&#8221;][et_pb_image src=&#8221;https:\/\/agromajstor.me\/wp-content\/uploads\/2024\/11\/viber_image_2024-10-28_17-11-09-839.jpg&#8221; title_text=&#8221;viber_image_2024-10-28_17-11-09-839&#8221; _builder_version=&#8221;4.27.2&#8221; _module_preset=&#8221;default&#8221; hover_enabled=&#8221;0&#8221; global_colors_info=&#8221;{}&#8221; theme_builder_area=&#8221;post_content&#8221; sticky_enabled=&#8221;0&#8221;][\/et_pb_image][\/et_pb_column][\/et_pb_row][et_pb_row admin_label=&#8221;Market Information Title Area&#8221; _builder_version=&#8221;4.16&#8221; custom_padding=&#8221;40px|0px|40px|0px&#8221; global_colors_info=&#8221;{}&#8221; theme_builder_area=&#8221;post_content&#8221;][et_pb_column type=&#8221;4_4&#8221; _builder_version=&#8221;4.16&#8221; custom_padding=&#8221;|||&#8221; global_colors_info=&#8221;{}&#8221; custom_padding__hover=&#8221;|||&#8221; theme_builder_area=&#8221;post_content&#8221;][et_pb_text _builder_version=&#8221;4.27.2&#8221; text_font=&#8221;||||||||&#8221; text_font_size=&#8221;16px&#8221; text_line_height=&#8221;1.8em&#8221; header_font=&#8221;||||||||&#8221; custom_padding=&#8221;||0px|||&#8221; animation_style=&#8221;flip&#8221; animation_direction=&#8221;left&#8221; animation_intensity_flip=&#8221;20%&#8221; animation_starting_opacity=&#8221;100%&#8221; global_colors_info=&#8221;{}&#8221; theme_builder_area=&#8221;post_content&#8221;]<\/p>\n<p>Ove mjere pobolj\u0161avaju osun\u010danost grozdova, smanjuju prekomjernu lisnu masu i usmjeravaju hranjive tvari u razvoj plodova.<\/p>\n<p>&nbsp;<\/p>\n<p><strong>Kako pravilno rezati vinovu lozu?<\/strong><\/p>\n<p>&nbsp;<\/p>\n<p>Priprema alata:<\/p>\n<p>Koristite o\u0161tre i dezinfikovane makaze kako biste izbjegli o\u0161te\u0107enje biljke i \u0161irenje bolesti.<\/p>\n<p>Izbor lastara: Ostavite one koji su dobro razvijeni, debljine olovke, i nalaze se u povoljnom polo\u017eaju.<\/p>\n<p>Broj pupova (okaca ) : Zavisno od sorte i bujnosti \u010dokota, ostavlja se od 6 do 8 pupova po \u010dokotu (Kod stonih sorti lastar od 6-12 okaca )<\/p>\n<p>Uklanjanje vi\u0161ka grana: Svi stari, suvi, o\u0161te\u0107eni i suvi\u0161ni lastari se uklanjaju.<\/p>\n<p>&nbsp;<\/p>\n<p><strong>Savjeti za uspje\u0161nu rezidbu:<\/strong><\/p>\n<p>&nbsp;<\/p>\n<p>Pratite specifi\u010dnosti sorte \u2013 svaka sorta ima svoje zahtjeve u pogledu du\u017eine rezidbe i optere\u0107enja pupovima.<\/p>\n<p>Vodite ra\u010duna o klimatskim uslovima \u2013 u hladnijim krajevima ostavljajte vi\u0161e rezervnih pupova za slu\u010daj izmrzavanja.<\/p>\n<p>Redovno provjeravajte stanje vinove loze \u2013 tokom vegetacije prilagodite zelene mjere trenutnim potrebama biljke.<\/p>\n<p>&nbsp;<\/p>\n<p><strong>Povjerite rezidbu stru\u010dnjacima<\/strong><\/p>\n<p>&nbsp;<\/p>\n<p>Pravilna rezidba zahtijeva iskustvo i znanje o fiziologiji vinove loze i lokalnim uslovima. Ukoliko niste sigurni u svoje vje\u0161tine ili \u017eelite posti\u0107i maksimalan prinos i kvalitet gro\u017e\u0111a, obratite se stru\u010dnjacima.<\/p>\n<p>&nbsp;<\/p>\n<p>Agromajstor vam nudi profesionalne usluge rezidbe vinove loze, prilago\u0111ene potrebama va\u0161eg vinograda. Na\u0161 tim iskusnih agronoma osigurat \u0107e da va\u0161a vinova loza bude zdrava, pravilno oblikovana i spremna za sezonu kako vinskih tako i stonih sorti.<\/p>\n<p>&nbsp;<\/p>\n<p>Kontaktirajte nas putem sajta agromajstor.me i uvjerite se u kvalitet na\u0161ih usluga!<\/p>\n<p>[\/et_pb_text][\/et_pb_column][\/et_pb_row][\/et_pb_section][et_pb_section fb_built=&#8221;1&#8221; fullwidth=&#8221;on&#8221; admin_label=&#8221;Call to Action&#8221; _builder_version=&#8221;4.16&#8221; animation_style=&#8221;slide&#8221; animation_direction=&#8221;bottom&#8221; animation_intensity_slide=&#8221;6%&#8221; animation_starting_opacity=&#8221;100%&#8221; locked=&#8221;off&#8221; global_colors_info=&#8221;{}&#8221; theme_builder_area=&#8221;post_content&#8221;][et_pb_fullwidth_header title=&#8221;Po\u010dnimo jednu lijepu saradnju&#8221; button_one_text=&#8221;Kontaktirajte nas&#8221; content_max_width=&#8221;800px&#8221; _builder_version=&#8221;4.27.2&#8221; title_level=&#8221;h2&#8221; title_font=&#8221;Lato||||||||&#8221; title_font_size=&#8221;60px&#8221; title_line_height=&#8221;1.2em&#8221; content_font=&#8221;||||||||&#8221; content_font_size=&#8221;20px&#8221; content_line_height=&#8221;1.8em&#8221; background_color=&#8221;rgba(255, 255, 255, 0)&#8221; use_background_color_gradient=&#8221;on&#8221; background_color_gradient_direction=&#8221;90deg&#8221; background_color_gradient_stops=&#8221;rgba(0,0,0,0.75) 0%|rgba(0,0,0,0) 100%&#8221; background_color_gradient_overlays_image=&#8221;on&#8221; background_color_gradient_start=&#8221;rgba(0,0,0,0.75)&#8221; background_color_gradient_end=&#8221;rgba(0,0,0,0)&#8221; background_image=&#8221;https:\/\/agromajstor.me\/wp-content\/uploads\/2024\/11\/viber_image_2024-10-28_17-05-49-563.jpg&#8221; custom_button_one=&#8221;on&#8221; button_one_text_size=&#8221;18px&#8221; button_one_bg_color=&#8221;#02d002&#8221; button_one_border_width=&#8221;8px&#8221; button_one_border_color=&#8221;#02d002&#8221; button_one_border_radius=&#8221;0px&#8221; button_one_letter_spacing=&#8221;1px&#8221; button_one_font=&#8221;Lato|700|||||||&#8221; button_one_use_icon=&#8221;off&#8221; custom_button_two=&#8221;on&#8221; button_two_text_size=&#8221;18px&#8221; button_two_text_color=&#8221;#353740&#8221; button_two_bg_color=&#8221;#ffffff&#8221; button_two_border_width=&#8221;8px&#8221; button_two_border_color=&#8221;#ffffff&#8221; button_two_border_radius=&#8221;0px&#8221; button_two_letter_spacing=&#8221;1px&#8221; button_two_font=&#8221;Lato|700|||||||&#8221; button_two_use_icon=&#8221;off&#8221; custom_margin=&#8221;-2px|||||&#8221; custom_padding=&#8221;8%||8%|&#8221; button_one_letter_spacing_hover=&#8221;1px&#8221; button_two_letter_spacing_hover=&#8221;1px&#8221; global_colors_info=&#8221;{}&#8221; button_one_text_size__hover_enabled=&#8221;off&#8221; button_two_text_size__hover_enabled=&#8221;off&#8221; button_one_text_color__hover_enabled=&#8221;off&#8221; button_two_text_color__hover_enabled=&#8221;off&#8221; button_one_border_width__hover_enabled=&#8221;off&#8221; button_two_border_width__hover_enabled=&#8221;off&#8221; button_one_border_color__hover_enabled=&#8221;off&#8221; button_two_border_color__hover_enabled=&#8221;off&#8221; button_one_border_radius__hover_enabled=&#8221;off&#8221; button_two_border_radius__hover_enabled=&#8221;off&#8221; button_one_letter_spacing__hover_enabled=&#8221;on&#8221; button_one_letter_spacing__hover=&#8221;1px&#8221; button_two_letter_spacing__hover_enabled=&#8221;on&#8221; button_two_letter_spacing__hover=&#8221;1px&#8221; button_one_bg_color__hover_enabled=&#8221;off&#8221; button_two_bg_color__hover_enabled=&#8221;off&#8221; theme_builder_area=&#8221;post_content&#8221;][\/et_pb_fullwidth_header][\/et_pb_section]<\/p>\n","protected":false},"excerpt":{"rendered":"<p>Rezidba vinove loze \u2013 klju\u010d uspje\u0161ne proizvodnje gro\u017e\u0111a Rezidba vinove loze je jedna od najva\u017enijih agrotehni\u010dkih mjera u vinogradarstvu. Pravilna rezidba osigurava ravnote\u017eu izme\u0111u rasta vinove loze i njenog roda, omogu\u0107ava bolju provjetrenost i osun\u010danost \u010dokota, smanjuje rizik od bolesti i \u0161teto\u010dina te doprinosi kvaliteti gro\u017e\u0111a i vina. &nbsp; \u00a0Za\u0161to je rezidba va\u017ena? \u00a0Rezidbom se: [&hellip;]<\/p>\n","protected":false},"author":1,"featured_media":0,"parent":0,"menu_order":0,"comment_status":"closed","ping_status":"closed","template":"","meta":{"_et_pb_use_builder":"on","_et_pb_old_content":"","_et_gb_content_width":"","footnotes":""},"class_list":["post-214","page","type-page","status-publish","hentry"],"_links":{"self":[{"href":"https:\/\/agromajstor.me\/index.php?rest_route=\/wp\/v2\/pages\/214","targetHints":{"allow":["GET"]}}],"collection":[{"href":"https:\/\/agromajstor.me\/index.php?rest_route=\/wp\/v2\/pages"}],"about":[{"href":"https:\/\/agromajstor.me\/index.php?rest_route=\/wp\/v2\/types\/page"}],"author":[{"embeddable":true,"href":"https:\/\/agromajstor.me\/index.php?rest_route=\/wp\/v2\/users\/1"}],"replies":[{"embeddable":true,"href":"https:\/\/agromajstor.me\/index.php?rest_route=%2Fwp%2Fv2%2Fcomments&post=214"}],"version-history":[{"count":3,"href":"https:\/\/agromajstor.me\/index.php?rest_route=\/wp\/v2\/pages\/214\/revisions"}],"predecessor-version":[{"id":218,"href":"https:\/\/agromajstor.me\/index.php?rest_route=\/wp\/v2\/pages\/214\/revisions\/218"}],"wp:attachment":[{"href":"https:\/\/agromajstor.me\/index.php?rest_route=%2Fwp%2Fv2%2Fmedia&parent=214"}],"curies":[{"name":"wp","href":"https:\/\/api.w.org\/{rel}","templated":true}]}}